{"id":1295,"date":"2016-06-09T08:39:26","date_gmt":"2016-06-09T08:39:26","guid":{"rendered":"http:\/\/moments.select-themes.com\/?page_id=1295"},"modified":"2022-12-29T18:51:21","modified_gmt":"2022-12-29T15:51:21","slug":"contact-us","status":"publish","type":"page","link":"https:\/\/baharcountry.com\/index.php\/contact-us\/","title":{"rendered":"\u0130leti\u015fim"},"content":{"rendered":"<p>[vc_row content_width=&#8221;grid&#8221; content_aligment=&#8221;center&#8221; css=&#8221;.vc_custom_1465463568984{padding-top: 92px !important;padding-bottom: 60px !important;}&#8221;][vc_column][vc_row_inner][vc_column_inner][vc_single_image image=&#8221;573&#8243; img_size=&#8221;full&#8221; alignment=&#8221;center&#8221;][\/vc_column_inner][\/vc_row_inner][vc_column_text]<\/p>\n<h2>Bize Ula\u015f\u0131n<\/h2>\n<p>[\/vc_column_text][vc_empty_space height=&#8221;5px&#8221;][vc_column_text css_animation=&#8221;fadeInUp&#8221;]En \u00f6zel g\u00fcnlerinizi Bahar Country ile s\u00fcslemek i\u00e7in, bizi ziyaret edebilir veya arayabilirsiniz.[\/vc_column_text][vc_empty_space height=&#8221;60px&#8221;][vc_raw_html el_class=&#8221;contact-maps&#8221;]JTNDaWZyYW1lJTIwc3JjJTNEJTIyaHR0cHMlM0ElMkYlMkZ3d3cuZ29vZ2xlLmNvbSUyRm1hcHMlMkZlbWJlZCUzRnBiJTNEJTIxMW0xOCUyMTFtMTIlMjExbTMlMjExZDE0Mjg4LjQwNjgyMTkxMDk5NiUyMTJkMjkuMDEwMjYyODEwNzgxNTU1JTIxM2Q0MS4xNjE0MjM5NTgwMjAyODYlMjEybTMlMjExZjAlMjEyZjAlMjEzZjAlMjEzbTIlMjExaTEwMjQlMjEyaTc2OCUyMTRmMTMuMSUyMTNtMyUyMTFtMiUyMTFzMHgxNGNhYjU0ODAwZjg0ODdiJTI1M0EweGYyNmZmNGRiZjAyZjdhMzMlMjEyc0JhaGFyJTI1MjBDb3VudHJ5JTIxNWUwJTIxM20yJTIxMXNlbiUyMTJzdHIlMjE0djE2NjczNzIxMzY2MzQlMjE1bTIlMjExc2VuJTIxMnN0ciUyMiUyMHdpZHRoJTNEJTIyMTUwMCUyMiUyMGhlaWdodCUzRCUyMjYwMCUyMiUyMHN0eWxlJTNEJTIyYm9yZGVyJTNBMCUzQiUyMiUyMGFsbG93ZnVsbHNjcmVlbiUzRCUyMiUyMiUyMGxvYWRpbmclM0QlMjJsYXp5JTIyJTIwcmVmZXJyZXJwb2xpY3klM0QlMjJuby1yZWZlcnJlci13aGVuLWRvd25ncmFkZSUyMiUzRSUzQyUyRmlmcmFtZSUzRQ==[\/vc_raw_html][vc_row_inner][vc_column_inner][vc_zigzag color=&#8221;custom&#8221; custom_color=&#8221;#185b39&#8243;][\/vc_column_inner][\/vc_row_inner][vc_row_inner][vc_column_inner width=&#8221;1\/2&#8243;][vc_column_text]<\/p>\n<div class=\"wpb_text_column wpb_content_element \" style=\"color: black;\">\n<div class=\"wpb_wrapper\">\n<h4 style=\"text-align: center; color: black;\"><strong>Adresimiz<\/strong><\/h4>\n<p style=\"text-align: center;\">Ptt Evleri, Bah\u00e7ek\u00f6y Cd. D:No: 83, 34453<br \/>\nSar\u0131yer\/\u0130stanbul<span aria-label=\"Call phone number (0212) 242 27 40\"><br \/>\n<\/span><\/p>\n<\/div>\n<\/div>\n<p>[\/vc_column_text][\/vc_column_inner][vc_column_inner width=&#8221;1\/2&#8243;][vc_column_text]<\/p>\n<div class=\"wpb_text_column wpb_content_element \" style=\"color: black;\">\n<div class=\"wpb_wrapper\">\n<h4 style=\"text-align: center; color: black;\"><strong>\u0130leti\u015fim Bilgilerimiz<\/strong><\/h4>\n<p style=\"text-align: center;\">\nE-mail: info@baharcountry.com<br \/>\nTelefon: +<span aria-label=\"Call phone number (0212) 242 27 40\">(0212) 242 27 40<br \/>\nTelefon: +0533 600 18 88<br \/>\n<\/span><\/p>\n<\/div>\n<\/div>\n<p>[\/vc_column_text][\/vc_column_inner][\/vc_row_inner][vc_row_inner][vc_column_inner][vc_zigzag color=&#8221;custom&#8221; custom_color=&#8221;#185b39&#8243;][\/vc_column_inner][\/vc_row_inner][\/vc_column][\/vc_row][vc_row content_width=&#8221;grid&#8221; content_aligment=&#8221;center&#8221; css=&#8221;.vc_custom_1466667999725{padding-top: 113px !important;padding-bottom: 70px !important;background-color: #fff0e6 !important;}&#8221;][vc_column][vc_column_text]<\/p>\n<h2>Merhaba Demekten \u00c7ekinmeyin!<\/h2>\n<p>[\/vc_column_text][vc_empty_space height=&#8221;5px&#8221;][vc_column_text]Detayl\u0131 randevu almak i\u00e7in bize ula\u015f\u0131n![\/vc_column_text]\n<div class=\"wpcf7 no-js\" id=\"wpcf7-f3905-o1\" lang=\"en-US\" dir=\"ltr\" data-wpcf7-id=\"3905\">\n<div class=\"screen-reader-response\"><p role=\"status\" aria-live=\"polite\" aria-atomic=\"true\"><\/p> <ul><\/ul><\/div>\n<form action=\"\/index.php\/wp-json\/wp\/v2\/pages\/1295#wpcf7-f3905-o1\" method=\"post\" class=\"wpcf7-form init cf7_custom_style_1\" aria-label=\"Contact form\" novalidate=\"novalidate\" data-status=\"init\">\n<div style=\"display: none;\">\n<input type=\"hidden\" name=\"_wpcf7\" value=\"3905\" \/>\n<input type=\"hidden\" name=\"_wpcf7_version\" value=\"6.0.6\" \/>\n<input type=\"hidden\" name=\"_wpcf7_locale\" value=\"en_US\" \/>\n<input type=\"hidden\" name=\"_wpcf7_unit_tag\" value=\"wpcf7-f3905-o1\" \/>\n<input type=\"hidden\" name=\"_wpcf7_container_post\" value=\"0\" \/>\n<input type=\"hidden\" name=\"_wpcf7_posted_data_hash\" value=\"\" \/>\n<\/div>\n<p><label> \u0130sminiz<br \/>\n<span class=\"wpcf7-form-control-wrap\" data-name=\"your-name\"><input size=\"40\" maxlength=\"400\" class=\"wpcf7-form-control wpcf7-text wpcf7-validates-as-required\" aria-required=\"true\" aria-invalid=\"false\" value=\"\" type=\"text\" name=\"your-name\" \/><\/span> <\/label>\n<\/p>\n<p><label> E-mailiniz<br \/>\n<span class=\"wpcf7-form-control-wrap\" data-name=\"your-email\"><input size=\"40\" maxlength=\"400\" class=\"wpcf7-form-control wpcf7-email wpcf7-validates-as-required wpcf7-text wpcf7-validates-as-email\" aria-required=\"true\" aria-invalid=\"false\" value=\"\" type=\"email\" name=\"your-email\" \/><\/span> <\/label>\n<\/p>\n<laber> Telefon Numaran\u0131z\n\t<p><span class=\"wpcf7-form-control-wrap\" data-name=\"tel-167\"><input size=\"40\" maxlength=\"400\" class=\"wpcf7-form-control wpcf7-tel wpcf7-validates-as-required wpcf7-text wpcf7-validates-as-tel\" aria-required=\"true\" aria-invalid=\"false\" value=\"\" type=\"tel\" name=\"tel-167\" \/><\/span>\n\t<\/p>\n\t<p><label> Mesaj\u0131n\u0131z (opsiyonel)<br \/>\n<span class=\"wpcf7-form-control-wrap\" data-name=\"your-message\"><textarea cols=\"40\" rows=\"10\" maxlength=\"2000\" class=\"wpcf7-form-control wpcf7-textarea\" aria-invalid=\"false\" name=\"your-message\"><\/textarea><\/span> <\/label>\n\t<\/p>\n\t<p><input class=\"wpcf7-form-control wpcf7-submit has-spinner\" type=\"submit\" value=\"G\u00f6nder\" \/>\n\t<\/p>\n<\/laber><div class=\"wpcf7-response-output\" aria-hidden=\"true\"><\/div>\n<\/form>\n<\/div>\n[\/vc_column][\/vc_row][vc_row content_width=&#8221;grid&#8221; css=&#8221;.vc_custom_1466668009051{padding-bottom: 90px !important;background-color: #fff0e6 !important;}&#8221;][vc_column offset=&#8221;vc_col-lg-7 vc_col-md-12&#8243;][vc_empty_space][\/vc_column][\/vc_row][vc_row][vc_column][\/vc_column][\/vc_row]<\/p>\n","protected":false},"excerpt":{"rendered":"<p>[vc_row content_width=&#8221;grid&#8221; content_aligment=&#8221;center&#8221; css=&#8221;.vc_custom_1465463568984{padding-top: 92px !important;padding-bottom: 60px !important;}&#8221;][vc_column][vc_row_inner][vc_column_inner][vc_single_image image=&#8221;573&#8243; img_size=&#8221;full&#8221; alignment=&#8221;center&#8221;][\/vc_column_inner][\/vc_row_inner][vc_column_text] Bize Ula\u015f\u0131n [\/vc_column_text][vc_empty_space height=&#8221;5px&#8221;][vc_column_text css_animation=&#8221;fadeInUp&#8221;]En \u00f6zel g\u00fcnlerinizi Bahar Country ile s\u00fcslemek i\u00e7in, bizi ziyaret edebilir veya arayabilirsiniz.[\/vc_column_text][vc_empty_space height=&#8221;60px&#8221;][vc_raw_html el_class=&#8221;contact-maps&#8221;]JTNDaWZyYW1lJTIwc3JjJTNEJTIyaHR0cHMlM0ElMkYlMkZ3d3cuZ29vZ2xlLmNvbSUyRm1hcHMlMkZlbWJlZCUzRnBiJTNEJTIxMW0xOCUyMTFtMTIlMjExbTMlMjExZDE0Mjg4LjQwNjgyMTkxMDk5NiUyMTJkMjkuMDEwMjYyODEwNzgxNTU1JTIxM2Q0MS4xNjE0MjM5NTgwMjAyODYlMjEybTMlMjExZjAlMjEyZjAlMjEzZjAlMjEzbTIlMjExaTEwMjQlMjEyaTc2OCUyMTRmMTMuMSUyMTNtMyUyMTFtMiUyMTFzMHgxNGNhYjU0ODAwZjg0ODdiJTI1M0EweGYyNmZmNGRiZjAyZjdhMzMlMjEyc0JhaGFyJTI1MjBDb3VudHJ5JTIxNWUwJTIxM20yJTIxMXNlbiUyMTJzdHIlMjE0djE2NjczNzIxMzY2MzQlMjE1bTIlMjExc2VuJTIxMnN0ciUyMiUyMHdpZHRoJTNEJTIyMTUwMCUyMiUyMGhlaWdodCUzRCUyMjYwMCUyMiUyMHN0eWxlJTNEJTIyYm9yZGVyJTNBMCUzQiUyMiUyMGFsbG93ZnVsbHNjcmVlbiUzRCUyMiUyMiUyMGxvYWRpbmclM0QlMjJsYXp5JTIyJTIwcmVmZXJyZXJwb2xpY3klM0QlMjJuby1yZWZlcnJlci13aGVuLWRvd25ncmFkZSUyMiUzRSUzQyUyRmlmcmFtZSUzRQ==[\/vc_raw_html][vc_row_inner][vc_column_inner][vc_zigzag color=&#8221;custom&#8221; custom_color=&#8221;#185b39&#8243;][\/vc_column_inner][\/vc_row_inner][vc_row_inner][vc_column_inner width=&#8221;1\/2&#8243;][vc_column_text] Adresimiz Ptt Evleri, Bah\u00e7ek\u00f6y Cd. D:No: 83, 34453 Sar\u0131yer\/\u0130stanbul [\/vc_column_text][\/vc_column_inner][vc_column_inner width=&#8221;1\/2&#8243;][vc_column_text] \u0130leti\u015fim Bilgilerimiz E-mail: info@baharcountry.com Telefon: +(0212) 242 27 40 Telefon: +0533 600 18 88 [\/vc_column_text][\/vc_column_inner][\/vc_row_inner][vc_row_inner][vc_column_inner][vc_zigzag color=&#8221;custom&#8221; custom_color=&#8221;#185b39&#8243;][\/vc_column_inner][\/vc_row_inner][\/vc_column][\/vc_row][vc_row content_width=&#8221;grid&#8221; content_aligment=&#8221;center&#8221; css=&#8221;.vc_custom_1466667999725{padding-top: 113px !important;padding-bottom: 70px !important;background-color: #fff0e6 !important;}&#8221;][vc_column][vc_column_text] Merhaba Demekten \u00c7ekinmeyin! [\/vc_column_text][vc_empty_space height=&#8221;5px&#8221;][vc_column_text]Detayl\u0131 randevu almak i\u00e7in bize ula\u015f\u0131n![\/vc_column_text][\/vc_column][\/vc_row][vc_row content_width=&#8221;grid&#8221; css=&#8221;.vc_custom_1466668009051{padding-bottom: 90px !important;background-color: #fff0e6 !important;}&#8221;][vc_column offset=&#8221;vc_col-lg-7 vc_col-md-12&#8243;][vc_empty_space][\/vc_column][\/vc_row][vc_row][vc_column][\/vc_column][\/vc_row]<\/p>\n","protected":false},"author":1,"featured_media":0,"parent":0,"menu_order":0,"comment_status":"closed","ping_status":"closed","template":"full-width.php","meta":{"footnotes":""},"class_list":["post-1295","page","type-page","status-publish","hentry"],"_links":{"self":[{"href":"https:\/\/baharcountry.com\/index.php\/wp-json\/wp\/v2\/pages\/1295","targetHints":{"allow":["GET"]}}],"collection":[{"href":"https:\/\/baharcountry.com\/index.php\/wp-json\/wp\/v2\/pages"}],"about":[{"href":"https:\/\/baharcountry.com\/index.php\/wp-json\/wp\/v2\/types\/page"}],"author":[{"embeddable":true,"href":"https:\/\/baharcountry.com\/index.php\/wp-json\/wp\/v2\/users\/1"}],"replies":[{"embeddable":true,"href":"https:\/\/baharcountry.com\/index.php\/wp-json\/wp\/v2\/comments?post=1295"}],"version-history":[{"count":29,"href":"https:\/\/baharcountry.com\/index.php\/wp-json\/wp\/v2\/pages\/1295\/revisions"}],"predecessor-version":[{"id":4291,"href":"https:\/\/baharcountry.com\/index.php\/wp-json\/wp\/v2\/pages\/1295\/revisions\/4291"}],"wp:attachment":[{"href":"https:\/\/baharcountry.com\/index.php\/wp-json\/wp\/v2\/media?parent=1295"}],"curies":[{"name":"wp","href":"https:\/\/api.w.org\/{rel}","templated":true}]}}